{"id":61,"date":"2023-08-13T11:30:35","date_gmt":"2023-08-13T11:30:35","guid":{"rendered":"http:\/\/antide.net\/?page_id=61"},"modified":"2025-03-11T09:33:45","modified_gmt":"2025-03-11T09:33:45","slug":"contact","status":"publish","type":"page","link":"http:\/\/antide.net\/en\/contact","title":{"rendered":"CONTACT"},"content":{"rendered":"\t\t<div data-elementor-type=\"wp-page\" data-elementor-id=\"61\" class=\"elementor elementor-61\">\n\t\t\t\t<div class=\"elementor-element elementor-element-be89d71 e-flex e-con-boxed e-con e-parent\" data-id=\"be89d71\" data-element_type=\"container\" data-e-type=\"container\">\n\t\t\t\t\t<div class=\"e-con-inner\">\n\t\t\t\t<div class=\"elementor-element elementor-element-a07fa69 elementor-position-right elementor-vertical-align-middle elementor-widget elementor-widget-image-box\" data-id=\"a07fa69\" data-element_type=\"widget\" data-e-type=\"widget\" data-widget_type=\"image-box.default\">\n\t\t\t\t<div class=\"elementor-widget-container\">\n\t\t\t\t\t<div class=\"elementor-image-box-wrapper\"><figure class=\"elementor-image-box-img\"><img fetchpriority=\"high\" decoding=\"async\" width=\"2048\" height=\"2048\" src=\"https:\/\/i0.wp.com\/antide.net\/wp-content\/uploads\/2024\/06\/Au-fond-des-bois.jpg?fit=2048%2C2048\" class=\"attachment-full size-full wp-image-664\" alt=\"\" srcset=\"https:\/\/i0.wp.com\/antide.net\/wp-content\/uploads\/2024\/06\/Au-fond-des-bois.jpg?w=2048 2048w, https:\/\/i0.wp.com\/antide.net\/wp-content\/uploads\/2024\/06\/Au-fond-des-bois.jpg?resize=500%2C500 500w, https:\/\/i0.wp.com\/antide.net\/wp-content\/uploads\/2024\/06\/Au-fond-des-bois.jpg?resize=1024%2C1024 1024w, https:\/\/i0.wp.com\/antide.net\/wp-content\/uploads\/2024\/06\/Au-fond-des-bois.jpg?resize=150%2C150 150w, https:\/\/i0.wp.com\/antide.net\/wp-content\/uploads\/2024\/06\/Au-fond-des-bois.jpg?resize=768%2C768 768w, https:\/\/i0.wp.com\/antide.net\/wp-content\/uploads\/2024\/06\/Au-fond-des-bois.jpg?resize=1536%2C1536 1536w, https:\/\/i0.wp.com\/antide.net\/wp-content\/uploads\/2024\/06\/Au-fond-des-bois.jpg?resize=1000%2C1000 1000w, https:\/\/i0.wp.com\/antide.net\/wp-content\/uploads\/2024\/06\/Au-fond-des-bois.jpg?resize=230%2C230 230w, https:\/\/i0.wp.com\/antide.net\/wp-content\/uploads\/2024\/06\/Au-fond-des-bois.jpg?resize=350%2C350 350w, https:\/\/i0.wp.com\/antide.net\/wp-content\/uploads\/2024\/06\/Au-fond-des-bois.jpg?resize=480%2C480 480w\" sizes=\"(max-width: 1170px) 100vw, 1170px\" \/><\/figure><div class=\"elementor-image-box-content\"><h3 class=\"elementor-image-box-title\">Laissez-nous un message et parlons art<\/h3><p class=\"elementor-image-box-description\">Vous souhaitez en savoir plus sur une \u0153uvre, organiser une exposition, <span>avoir plus de photos d\u00e9taill\u00e9es, connaitre les techniques ou le prix d'une \u0153uvre,&nbsp;<\/span>ou simplement \u00e9changer avec Antide ? \nChaque interaction est une porte ouverte sur un univers o\u00f9 l'art et les id\u00e9es se rencontrent. \nN'h\u00e9sitez pas \u00e0 nous \u00e9crire, nous serons ravis de vous r\u00e9pondre.<\/p><\/div><\/div>\t\t\t\t<\/div>\n\t\t\t\t<\/div>\n\t\t\t\t\t<\/div>\n\t\t\t\t<\/div>\n\t\t<div class=\"elementor-element elementor-element-283649a e-flex e-con-boxed e-con e-parent\" data-id=\"283649a\" data-element_type=\"container\" data-e-type=\"container\">\n\t\t\t\t\t<div class=\"e-con-inner\">\n\t\t\t\t<div class=\"elementor-element elementor-element-70704ed elementor-widget elementor-widget-wpforms\" data-id=\"70704ed\" data-element_type=\"widget\" data-e-type=\"widget\" data-widget_type=\"wpforms.default\">\n\t\t\t\t<div class=\"elementor-widget-container\">\n\t\t\t\t\t<style id=\"wpforms-css-vars-elementor-widget-70704ed\">\n\t\t\t\t.elementor-widget-wpforms.elementor-element-70704ed {\n\t\t\t\t--wpforms-field-border-color: #C6A900;\n--wpforms-field-border-color-spare: #C6A900;\n--wpforms-label-error-color: #C6A900;\n--wpforms-button-background-color: #C6A900;\n--wpforms-button-size-font-size: 14px;\n--wpforms-button-size-height: 37px;\n--wpforms-button-size-padding-h: 15px;\n--wpforms-button-size-margin-top: 5px;\n\t\t\t}\n\t\t\t<\/style><div class=\"wpforms-container wpforms-container-full wpforms-render-modern\" id=\"wpforms-1456\"><form id=\"wpforms-form-1456\" class=\"wpforms-validate wpforms-form wpforms-ajax-form\" data-formid=\"1456\" method=\"post\" enctype=\"multipart\/form-data\" action=\"\/en\/wp-json\/wp\/v2\/pages\/61\" data-token=\"d1ab757d49a4460f6c2cd1fedb0b099f\" data-token-time=\"1777476497\"><noscript class=\"wpforms-error-noscript\">Please enable JavaScript in your browser to complete this form.<\/noscript><div id=\"wpforms-error-noscript\" style=\"display: none;\">Please enable JavaScript in your browser to complete this form.<\/div><div class=\"wpforms-field-container\">\t\t<div id=\"wpforms-1456-field_4-container\"\n\t\t\tclass=\"wpforms-field wpforms-field-text\"\n\t\t\tdata-field-type=\"text\"\n\t\t\tdata-field-id=\"4\"\n\t\t\t>\n\t\t\t<label class=\"wpforms-field-label\" for=\"wpforms-1456-field_4\" >Nom Commentaire message<\/label>\n\t\t\t<input type=\"text\" id=\"wpforms-1456-field_4\" class=\"wpforms-field-medium\" name=\"wpforms[fields][4]\" >\n\t\t<\/div>\n\t\t<div id=\"wpforms-1456-field_1-container\" class=\"wpforms-field wpforms-field-name\" data-field-id=\"1\"><fieldset><legend class=\"wpforms-field-label\">Nom <span class=\"wpforms-required-label\" aria-hidden=\"true\">*<\/span><\/legend><div class=\"wpforms-field-row wpforms-field-medium\"><div class=\"wpforms-field-row-block wpforms-first wpforms-one-half\"><input type=\"text\" id=\"wpforms-1456-field_1\" class=\"wpforms-field-name-first wpforms-field-required\" name=\"wpforms[fields][1][first]\" aria-errormessage=\"wpforms-1456-field_1-error\" required><label for=\"wpforms-1456-field_1\" class=\"wpforms-field-sublabel after\">First<\/label><\/div><div class=\"wpforms-field-row-block wpforms-one-half\"><input type=\"text\" id=\"wpforms-1456-field_1-last\" class=\"wpforms-field-name-last wpforms-field-required\" name=\"wpforms[fields][1][last]\" aria-errormessage=\"wpforms-1456-field_1-last-error\" required><label for=\"wpforms-1456-field_1-last\" class=\"wpforms-field-sublabel after\">Last<\/label><\/div><\/div><\/fieldset><\/div><div id=\"wpforms-1456-field_2-container\" class=\"wpforms-field wpforms-field-email\" data-field-id=\"2\"><label class=\"wpforms-field-label\" for=\"wpforms-1456-field_2\">E-mail <span class=\"wpforms-required-label\" aria-hidden=\"true\">*<\/span><\/label><input type=\"email\" id=\"wpforms-1456-field_2\" class=\"wpforms-field-medium wpforms-field-required\" name=\"wpforms[fields][2]\" spellcheck=\"false\" aria-errormessage=\"wpforms-1456-field_2-error\" required><\/div><div id=\"wpforms-1456-field_3-container\" class=\"wpforms-field wpforms-field-textarea\" data-field-id=\"3\"><label class=\"wpforms-field-label\" for=\"wpforms-1456-field_3\">Commentaire ou message<\/label><textarea id=\"wpforms-1456-field_3\" class=\"wpforms-field-medium\" name=\"wpforms[fields][3]\" aria-errormessage=\"wpforms-1456-field_3-error\" ><\/textarea><\/div><script data-jetpack-boost=\"ignore\">\n\t\t\t\t( function() {\n\t\t\t\t\tconst style = document.createElement( 'style' );\n\t\t\t\t\tstyle.appendChild( document.createTextNode( '#wpforms-1456-field_4-container { position: absolute !important; overflow: hidden !important; display: inline !important; height: 1px !important; width: 1px !important; z-index: -1000 !important; padding: 0 !important; } #wpforms-1456-field_4-container input { visibility: hidden; } #wpforms-conversational-form-page #wpforms-1456-field_4-container label { counter-increment: none; }' ) );\n\t\t\t\t\tdocument.head.appendChild( style );\n\t\t\t\t\tdocument.currentScript?.remove();\n\t\t\t\t} )();\n\t\t\t<\/script><\/div><!-- .wpforms-field-container --><div class=\"wpforms-recaptcha-container wpforms-is-recaptcha wpforms-is-recaptcha-type-v2\" ><div class=\"g-recaptcha\" data-sitekey=\"6LdXSMwrAAAAAJ6XazBT86R4DQFa6QbSa1kst8Ld\"><\/div><input type=\"text\" name=\"g-recaptcha-hidden\" class=\"wpforms-recaptcha-hidden\" style=\"position:absolute!important;clip:rect(0,0,0,0)!important;height:1px!important;width:1px!important;border:0!important;overflow:hidden!important;padding:0!important;margin:0!important;\" data-rule-recaptcha=\"1\"><\/div><div class=\"wpforms-submit-container\" ><input type=\"hidden\" name=\"wpforms[id]\" value=\"1456\"><input type=\"hidden\" name=\"page_title\" value=\"\"><input type=\"hidden\" name=\"page_url\" value=\"http:\/\/antide.net\/en\/wp-json\/wp\/v2\/pages\/61\"><input type=\"hidden\" name=\"url_referer\" value=\"\"><button type=\"submit\" name=\"wpforms[submit]\" id=\"wpforms-submit-1456\" class=\"wpforms-submit\" data-alt-text=\"Envoi...\" data-submit-text=\"Envoyer\" aria-live=\"assertive\" value=\"wpforms-submit\">Envoyer<\/button><img decoding=\"async\" src=\"http:\/\/antide.net\/wp-content\/plugins\/wpforms-lite\/assets\/images\/submit-spin.svg\" class=\"wpforms-submit-spinner\" style=\"display: none;\" width=\"26\" height=\"26\" alt=\"Loading\"><\/div><\/form><\/div>  <!-- .wpforms-container -->\t\t\t\t<\/div>\n\t\t\t\t<\/div>\n\t\t\t\t\t<\/div>\n\t\t\t\t<\/div>\n\t\t<div class=\"elementor-element elementor-element-de57df3 e-flex e-con-boxed e-con e-parent\" data-id=\"de57df3\" data-element_type=\"container\" data-e-type=\"container\">\n\t\t\t\t\t<div class=\"e-con-inner\">\n\t\t\t\t<div class=\"elementor-element elementor-element-7c0a90b elementor-widget elementor-widget-heading\" data-id=\"7c0a90b\" data-element_type=\"widget\" data-e-type=\"widget\" data-widget_type=\"heading.default\">\n\t\t\t\t<div class=\"elementor-widget-container\">\n\t\t\t\t\t<h3 class=\"elementor-heading-title elementor-size-default\">Vous pouvez \u00e9galement nous joindre directement<\/h3>\t\t\t\t<\/div>\n\t\t\t\t<\/div>\n\t\t\t\t\t<\/div>\n\t\t\t\t<\/div>\n\t\t<div class=\"elementor-element elementor-element-be3fd38 e-flex e-con-boxed e-con e-parent\" data-id=\"be3fd38\" data-element_type=\"container\" data-e-type=\"container\">\n\t\t\t\t\t<div class=\"e-con-inner\">\n\t\t\t\t<div class=\"elementor-element elementor-element-d259f7b elementor-widget elementor-widget-text-editor\" data-id=\"d259f7b\" data-element_type=\"widget\" data-e-type=\"widget\" data-widget_type=\"text-editor.default\">\n\t\t\t\t<div class=\"elementor-widget-container\">\n\t\t\t\t\t\t\t\t\t<p>Sandrine Constant : contact@antide.net \/ +33 6 33 80 52 54<\/p>\t\t\t\t\t\t\t\t<\/div>\n\t\t\t\t<\/div>\n\t\t\t\t\t<\/div>\n\t\t\t\t<\/div>\n\t\t<div class=\"elementor-element elementor-element-561c789 e-flex e-con-boxed e-con e-parent\" data-id=\"561c789\" data-element_type=\"container\" data-e-type=\"container\">\n\t\t\t\t\t<div class=\"e-con-inner\">\n\t\t\t\t<div class=\"elementor-element elementor-element-5c235c1 elementor-widget elementor-widget-heading\" data-id=\"5c235c1\" data-element_type=\"widget\" data-e-type=\"widget\" data-widget_type=\"heading.default\">\n\t\t\t\t<div class=\"elementor-widget-container\">\n\t\t\t\t\t<h3 class=\"elementor-heading-title elementor-size-default\">ou vous rendre sur le site de nos partenaires<\/h3>\t\t\t\t<\/div>\n\t\t\t\t<\/div>\n\t\t\t\t\t<\/div>\n\t\t\t\t<\/div>\n\t\t<div class=\"elementor-element elementor-element-9dae04f e-con-full e-flex e-con e-parent\" data-id=\"9dae04f\" data-element_type=\"container\" data-e-type=\"container\">\n\t\t<div class=\"elementor-element elementor-element-9eab064 e-con-full e-flex e-con e-child\" data-id=\"9eab064\" data-element_type=\"container\" data-e-type=\"container\">\n\t\t\t\t<div class=\"elementor-element elementor-element-f93c31f elementor-widget elementor-widget-image\" data-id=\"f93c31f\" data-element_type=\"widget\" data-e-type=\"widget\" data-widget_type=\"image.default\">\n\t\t\t\t<div class=\"elementor-widget-container\">\n\t\t\t\t\t\t\t\t\t\t\t\t\t\t\t\t<a href=\"https:\/\/www.gallery-o.ch\/artists\/antide\">\n\t\t\t\t\t\t\t<img decoding=\"async\" width=\"434\" height=\"121\" src=\"https:\/\/i0.wp.com\/antide.net\/wp-content\/uploads\/2025\/01\/Gallery-O.png?fit=434%2C121\" class=\"attachment-large size-large wp-image-1206\" alt=\"\" srcset=\"https:\/\/i0.wp.com\/antide.net\/wp-content\/uploads\/2025\/01\/Gallery-O.png?w=434 434w, https:\/\/i0.wp.com\/antide.net\/wp-content\/uploads\/2025\/01\/Gallery-O.png?resize=230%2C64 230w, https:\/\/i0.wp.com\/antide.net\/wp-content\/uploads\/2025\/01\/Gallery-O.png?resize=350%2C98 350w\" sizes=\"(max-width: 434px) 100vw, 434px\" \/>\t\t\t\t\t\t\t\t<\/a>\n\t\t\t\t\t\t\t\t\t\t\t\t\t\t\t<\/div>\n\t\t\t\t<\/div>\n\t\t\t\t<\/div>\n\t\t<div class=\"elementor-element elementor-element-41ab868 e-con-full e-flex e-con e-child\" data-id=\"41ab868\" data-element_type=\"container\" data-e-type=\"container\">\n\t\t\t\t<div class=\"elementor-element elementor-element-53e439c elementor-widget elementor-widget-image\" data-id=\"53e439c\" data-element_type=\"widget\" data-e-type=\"widget\" data-widget_type=\"image.default\">\n\t\t\t\t<div class=\"elementor-widget-container\">\n\t\t\t\t\t\t\t\t\t\t\t\t\t\t\t\t<a href=\"https:\/\/www.riseart.com\/fr\/artiste\/131404\/antide\">\n\t\t\t\t\t\t\t<img loading=\"lazy\" decoding=\"async\" width=\"379\" height=\"133\" src=\"https:\/\/i0.wp.com\/antide.net\/wp-content\/uploads\/2025\/01\/Rizeart.png?fit=379%2C133\" class=\"attachment-large size-large wp-image-1201\" alt=\"\" srcset=\"https:\/\/i0.wp.com\/antide.net\/wp-content\/uploads\/2025\/01\/Rizeart.png?w=379 379w, https:\/\/i0.wp.com\/antide.net\/wp-content\/uploads\/2025\/01\/Rizeart.png?resize=230%2C81 230w, https:\/\/i0.wp.com\/antide.net\/wp-content\/uploads\/2025\/01\/Rizeart.png?resize=350%2C123 350w\" sizes=\"(max-width: 379px) 100vw, 379px\" \/>\t\t\t\t\t\t\t\t<\/a>\n\t\t\t\t\t\t\t\t\t\t\t\t\t\t\t<\/div>\n\t\t\t\t<\/div>\n\t\t\t\t<\/div>\n\t\t\t\t<\/div>\n\t\t\t\t<\/div>\n\t\t","protected":false},"excerpt":{"rendered":"<p>Laissez-nous un message et parlons art Vous souhaitez en savoir plus sur une \u0153uvre, organiser une exposition, avoir plus de photos d\u00e9taill\u00e9es, [&hellip;]<\/p>\n","protected":false},"author":1,"featured_media":0,"parent":0,"menu_order":0,"comment_status":"closed","ping_status":"closed","template":"","meta":{"footnotes":""},"class_list":["post-61","page","type-page","status-publish","hentry"],"yoast_head":"<!-- This site is optimized with the Yoast SEO plugin v27.5 - https:\/\/yoast.com\/product\/yoast-seo-wordpress\/ -->\n<title>CONTACT - Antide Artiste plasticien | Cr\u00e9ations uniques \u00e0 la feuille d\u2019or<\/title>\n<meta name=\"description\" content=\"Artiste plasticien, cr\u00e9ations uniques \u00e0 la feuille d&#039;or. Antide cr\u00e9e des \u0153uvres sur bois, m\u00e9tal, pierre et toile. D\u00e9couvrez son univers.\" \/>\n<meta name=\"robots\" content=\"index, follow, max-snippet:-1, max-image-preview:large, max-video-preview:-1\" \/>\n<link rel=\"canonical\" href=\"http:\/\/antide.net\/en\/contact\/\" \/>\n<meta property=\"og:locale\" content=\"en_US\" \/>\n<meta property=\"og:type\" content=\"article\" \/>\n<meta property=\"og:title\" content=\"CONTACT - Antide Artiste plasticien | Cr\u00e9ations uniques \u00e0 la feuille d\u2019or\" \/>\n<meta property=\"og:description\" content=\"Artiste plasticien, cr\u00e9ations uniques \u00e0 la feuille d&#039;or. Antide cr\u00e9e des \u0153uvres sur bois, m\u00e9tal, pierre et toile. D\u00e9couvrez son univers.\" \/>\n<meta property=\"og:url\" content=\"http:\/\/antide.net\/en\/contact\/\" \/>\n<meta property=\"og:site_name\" content=\"Antide\" \/>\n<meta property=\"article:modified_time\" content=\"2025-03-11T09:33:45+00:00\" \/>\n<meta property=\"og:image\" content=\"http:\/\/antide.net\/wp-content\/uploads\/2024\/06\/Au-fond-des-bois.jpg\" \/>\n<meta name=\"twitter:card\" content=\"summary_large_image\" \/>\n<meta name=\"twitter:label1\" content=\"Est. reading time\" \/>\n\t<meta name=\"twitter:data1\" content=\"1 minute\" \/>\n<script type=\"application\/ld+json\" class=\"yoast-schema-graph\">{\"@context\":\"https:\\\/\\\/schema.org\",\"@graph\":[{\"@type\":\"WebPage\",\"@id\":\"http:\\\/\\\/antide.net\\\/contact\",\"url\":\"http:\\\/\\\/antide.net\\\/contact\",\"name\":\"CONTACT - Antide Artiste plasticien | Cr\u00e9ations uniques \u00e0 la feuille d\u2019or\",\"isPartOf\":{\"@id\":\"https:\\\/\\\/antide.net\\\/#website\"},\"primaryImageOfPage\":{\"@id\":\"http:\\\/\\\/antide.net\\\/contact#primaryimage\"},\"image\":{\"@id\":\"http:\\\/\\\/antide.net\\\/contact#primaryimage\"},\"thumbnailUrl\":\"http:\\\/\\\/antide.net\\\/wp-content\\\/uploads\\\/2024\\\/06\\\/Au-fond-des-bois.jpg\",\"datePublished\":\"2023-08-13T11:30:35+00:00\",\"dateModified\":\"2025-03-11T09:33:45+00:00\",\"description\":\"Artiste plasticien, cr\u00e9ations uniques \u00e0 la feuille d'or. Antide cr\u00e9e des \u0153uvres sur bois, m\u00e9tal, pierre et toile. D\u00e9couvrez son univers.\",\"breadcrumb\":{\"@id\":\"http:\\\/\\\/antide.net\\\/contact#breadcrumb\"},\"inLanguage\":\"en-US\",\"potentialAction\":[{\"@type\":\"ReadAction\",\"target\":[\"http:\\\/\\\/antide.net\\\/contact\"]}]},{\"@type\":\"ImageObject\",\"inLanguage\":\"en-US\",\"@id\":\"http:\\\/\\\/antide.net\\\/contact#primaryimage\",\"url\":\"http:\\\/\\\/antide.net\\\/wp-content\\\/uploads\\\/2024\\\/06\\\/Au-fond-des-bois.jpg\",\"contentUrl\":\"http:\\\/\\\/antide.net\\\/wp-content\\\/uploads\\\/2024\\\/06\\\/Au-fond-des-bois.jpg\"},{\"@type\":\"BreadcrumbList\",\"@id\":\"http:\\\/\\\/antide.net\\\/contact#breadcrumb\",\"itemListElement\":[{\"@type\":\"ListItem\",\"position\":1,\"name\":\"Accueil\",\"item\":\"https:\\\/\\\/antide.net\\\/\"},{\"@type\":\"ListItem\",\"position\":2,\"name\":\"CONTACT\"}]},{\"@type\":\"WebSite\",\"@id\":\"https:\\\/\\\/antide.net\\\/#website\",\"url\":\"https:\\\/\\\/antide.net\\\/\",\"name\":\"Antide\",\"description\":\"Artiste plasticien, Antide travaille la feuille d\u2019or sur bois, m\u00e9tal, pierre et toile pour capter l\u2019\u00e9clat m\u00e9diterran\u00e9en.\",\"publisher\":{\"@id\":\"https:\\\/\\\/antide.net\\\/#\\\/schema\\\/person\\\/e136babbff9e45a0ba7a054e90f9bef6\"},\"alternateName\":\"Artiste plasticien \u2013 Feuille d\u2019or et mat\u00e9riaux nobles\",\"potentialAction\":[{\"@type\":\"SearchAction\",\"target\":{\"@type\":\"EntryPoint\",\"urlTemplate\":\"https:\\\/\\\/antide.net\\\/?s={search_term_string}\"},\"query-input\":{\"@type\":\"PropertyValueSpecification\",\"valueRequired\":true,\"valueName\":\"search_term_string\"}}],\"inLanguage\":\"en-US\"},{\"@type\":[\"Person\",\"Organization\"],\"@id\":\"https:\\\/\\\/antide.net\\\/#\\\/schema\\\/person\\\/e136babbff9e45a0ba7a054e90f9bef6\",\"name\":\"Antide\",\"image\":{\"@type\":\"ImageObject\",\"inLanguage\":\"en-US\",\"@id\":\"https:\\\/\\\/i0.wp.com\\\/antide.net\\\/wp-content\\\/uploads\\\/2025\\\/01\\\/cropped-Antide.png?fit=2398%2C801\",\"url\":\"https:\\\/\\\/i0.wp.com\\\/antide.net\\\/wp-content\\\/uploads\\\/2025\\\/01\\\/cropped-Antide.png?fit=2398%2C801\",\"contentUrl\":\"https:\\\/\\\/i0.wp.com\\\/antide.net\\\/wp-content\\\/uploads\\\/2025\\\/01\\\/cropped-Antide.png?fit=2398%2C801\",\"width\":2398,\"height\":801,\"caption\":\"Antide\"},\"logo\":{\"@id\":\"https:\\\/\\\/i0.wp.com\\\/antide.net\\\/wp-content\\\/uploads\\\/2025\\\/01\\\/cropped-Antide.png?fit=2398%2C801\"},\"description\":\"Artiste plasticien, cr\u00e9ations uniques \u00e0 la feuille d'or sur bois, m\u00e9tal, pierre, et bois.\",\"sameAs\":[\"http:\\\/\\\/antide.net\",\"https:\\\/\\\/www.instagram.com\\\/antide_officiel\\\/\"]}]}<\/script>\n<!-- \/ Yoast SEO plugin. -->","yoast_head_json":{"title":"CONTACT - Antide Artiste plasticien | Cr\u00e9ations uniques \u00e0 la feuille d\u2019or","description":"Artiste plasticien, cr\u00e9ations uniques \u00e0 la feuille d'or. Antide cr\u00e9e des \u0153uvres sur bois, m\u00e9tal, pierre et toile. D\u00e9couvrez son univers.","robots":{"index":"index","follow":"follow","max-snippet":"max-snippet:-1","max-image-preview":"max-image-preview:large","max-video-preview":"max-video-preview:-1"},"canonical":"http:\/\/antide.net\/en\/contact\/","og_locale":"en_US","og_type":"article","og_title":"CONTACT - Antide Artiste plasticien | Cr\u00e9ations uniques \u00e0 la feuille d\u2019or","og_description":"Artiste plasticien, cr\u00e9ations uniques \u00e0 la feuille d'or. Antide cr\u00e9e des \u0153uvres sur bois, m\u00e9tal, pierre et toile. D\u00e9couvrez son univers.","og_url":"http:\/\/antide.net\/en\/contact\/","og_site_name":"Antide","article_modified_time":"2025-03-11T09:33:45+00:00","og_image":[{"url":"http:\/\/antide.net\/wp-content\/uploads\/2024\/06\/Au-fond-des-bois.jpg","type":"","width":"","height":""}],"twitter_card":"summary_large_image","twitter_misc":{"Est. reading time":"1 minute"},"schema":{"@context":"https:\/\/schema.org","@graph":[{"@type":"WebPage","@id":"http:\/\/antide.net\/contact","url":"http:\/\/antide.net\/contact","name":"CONTACT - Antide Artiste plasticien | Cr\u00e9ations uniques \u00e0 la feuille d\u2019or","isPartOf":{"@id":"https:\/\/antide.net\/#website"},"primaryImageOfPage":{"@id":"http:\/\/antide.net\/contact#primaryimage"},"image":{"@id":"http:\/\/antide.net\/contact#primaryimage"},"thumbnailUrl":"http:\/\/antide.net\/wp-content\/uploads\/2024\/06\/Au-fond-des-bois.jpg","datePublished":"2023-08-13T11:30:35+00:00","dateModified":"2025-03-11T09:33:45+00:00","description":"Artiste plasticien, cr\u00e9ations uniques \u00e0 la feuille d'or. Antide cr\u00e9e des \u0153uvres sur bois, m\u00e9tal, pierre et toile. D\u00e9couvrez son univers.","breadcrumb":{"@id":"http:\/\/antide.net\/contact#breadcrumb"},"inLanguage":"en-US","potentialAction":[{"@type":"ReadAction","target":["http:\/\/antide.net\/contact"]}]},{"@type":"ImageObject","inLanguage":"en-US","@id":"http:\/\/antide.net\/contact#primaryimage","url":"http:\/\/antide.net\/wp-content\/uploads\/2024\/06\/Au-fond-des-bois.jpg","contentUrl":"http:\/\/antide.net\/wp-content\/uploads\/2024\/06\/Au-fond-des-bois.jpg"},{"@type":"BreadcrumbList","@id":"http:\/\/antide.net\/contact#breadcrumb","itemListElement":[{"@type":"ListItem","position":1,"name":"Accueil","item":"https:\/\/antide.net\/"},{"@type":"ListItem","position":2,"name":"CONTACT"}]},{"@type":"WebSite","@id":"https:\/\/antide.net\/#website","url":"https:\/\/antide.net\/","name":"Antide","description":"Artiste plasticien, Antide travaille la feuille d\u2019or sur bois, m\u00e9tal, pierre et toile pour capter l\u2019\u00e9clat m\u00e9diterran\u00e9en.","publisher":{"@id":"https:\/\/antide.net\/#\/schema\/person\/e136babbff9e45a0ba7a054e90f9bef6"},"alternateName":"Artiste plasticien \u2013 Feuille d\u2019or et mat\u00e9riaux nobles","potentialAction":[{"@type":"SearchAction","target":{"@type":"EntryPoint","urlTemplate":"https:\/\/antide.net\/?s={search_term_string}"},"query-input":{"@type":"PropertyValueSpecification","valueRequired":true,"valueName":"search_term_string"}}],"inLanguage":"en-US"},{"@type":["Person","Organization"],"@id":"https:\/\/antide.net\/#\/schema\/person\/e136babbff9e45a0ba7a054e90f9bef6","name":"Antide","image":{"@type":"ImageObject","inLanguage":"en-US","@id":"https:\/\/i0.wp.com\/antide.net\/wp-content\/uploads\/2025\/01\/cropped-Antide.png?fit=2398%2C801","url":"https:\/\/i0.wp.com\/antide.net\/wp-content\/uploads\/2025\/01\/cropped-Antide.png?fit=2398%2C801","contentUrl":"https:\/\/i0.wp.com\/antide.net\/wp-content\/uploads\/2025\/01\/cropped-Antide.png?fit=2398%2C801","width":2398,"height":801,"caption":"Antide"},"logo":{"@id":"https:\/\/i0.wp.com\/antide.net\/wp-content\/uploads\/2025\/01\/cropped-Antide.png?fit=2398%2C801"},"description":"Artiste plasticien, cr\u00e9ations uniques \u00e0 la feuille d'or sur bois, m\u00e9tal, pierre, et bois.","sameAs":["http:\/\/antide.net","https:\/\/www.instagram.com\/antide_officiel\/"]}]}},"jetpack_sharing_enabled":true,"_links":{"self":[{"href":"http:\/\/antide.net\/en\/wp-json\/wp\/v2\/pages\/61","targetHints":{"allow":["GET"]}}],"collection":[{"href":"http:\/\/antide.net\/en\/wp-json\/wp\/v2\/pages"}],"about":[{"href":"http:\/\/antide.net\/en\/wp-json\/wp\/v2\/types\/page"}],"author":[{"embeddable":true,"href":"http:\/\/antide.net\/en\/wp-json\/wp\/v2\/users\/1"}],"replies":[{"embeddable":true,"href":"http:\/\/antide.net\/en\/wp-json\/wp\/v2\/comments?post=61"}],"version-history":[{"count":66,"href":"http:\/\/antide.net\/en\/wp-json\/wp\/v2\/pages\/61\/revisions"}],"predecessor-version":[{"id":1775,"href":"http:\/\/antide.net\/en\/wp-json\/wp\/v2\/pages\/61\/revisions\/1775"}],"wp:attachment":[{"href":"http:\/\/antide.net\/en\/wp-json\/wp\/v2\/media?parent=61"}],"curies":[{"name":"wp","href":"https:\/\/api.w.org\/{rel}","templated":true}]}}