{"id":35,"date":"2023-08-13T11:08:32","date_gmt":"2023-08-13T11:08:32","guid":{"rendered":"http:\/\/antide.net\/?page_id=35"},"modified":"2025-06-05T09:33:46","modified_gmt":"2025-06-05T09:33:46","slug":"toile","status":"publish","type":"page","link":"http:\/\/antide.net\/en\/toile","title":{"rendered":"CANVAS"},"content":{"rendered":"<div data-elementor-type=\"wp-page\" data-elementor-id=\"35\" class=\"elementor elementor-35\">\n\t\t\t\t<div class=\"elementor-element elementor-element-7ed3056 e-flex e-con-boxed e-con e-parent\" data-id=\"7ed3056\" data-element_type=\"container\" data-e-type=\"container\" data-settings=\"{&quot;background_background&quot;:&quot;gradient&quot;}\">\n\t\t\t\t\t<div class=\"e-con-inner\">\n\t\t\t\t<div class=\"elementor-element elementor-element-284b2bf elementor-drop-cap-yes elementor-drop-cap-view-default elementor-widget elementor-widget-text-editor\" data-id=\"284b2bf\" data-element_type=\"widget\" data-e-type=\"widget\" data-settings=\"{&quot;drop_cap&quot;:&quot;yes&quot;}\" data-widget_type=\"text-editor.default\">\n\t\t\t\t<div class=\"elementor-widget-container\">\n\t\t\t\t\t\t\t\t\t<p>Lighter, the canvas invites movement and spontaneity. Antide deploys his gestures, guided by light and intuition. Gold floats like a suspended breath, revealing emptiness, shapes and impulses. Each canvas is a breath, a moment suspended between abstraction, vibration and pure emotion.<\/p>\t\t\t\t\t\t\t\t<\/div>\n\t\t\t\t<\/div>\n\t\t\t\t\t<\/div>\n\t\t\t\t<\/div>\n\t\t<div class=\"elementor-element elementor-element-98adb85 e-flex e-con-boxed e-con e-parent\" data-id=\"98adb85\" data-element_type=\"container\" data-e-type=\"container\">\n\t\t\t\t\t<div class=\"e-con-inner\">\n\t\t\t\t<div class=\"elementor-element elementor-element-24406db elementor-widget-divider--view-line elementor-widget elementor-widget-divider\" data-id=\"24406db\" data-element_type=\"widget\" data-e-type=\"widget\" data-widget_type=\"divider.default\">\n\t\t\t\t<div class=\"elementor-widget-container\">\n\t\t\t\t\t\t\t<div class=\"elementor-divider\">\n\t\t\t<span class=\"elementor-divider-separator\">\n\t\t\t\t\t\t<\/span>\n\t\t<\/div>\n\t\t\t\t\t\t<\/div>\n\t\t\t\t<\/div>\n\t\t\t\t\t<\/div>\n\t\t\t\t<\/div>\n\t\t<div class=\"elementor-element elementor-element-a45b231 e-flex e-con-boxed e-con e-parent\" data-id=\"a45b231\" data-element_type=\"container\" data-e-type=\"container\">\n\t\t\t\t\t<div class=\"e-con-inner\">\n\t\t\t\t<div class=\"elementor-element elementor-element-27d63de elementor-widget elementor-widget-heading\" data-id=\"27d63de\" data-element_type=\"widget\" data-e-type=\"widget\" data-widget_type=\"heading.default\">\n\t\t\t\t<div class=\"elementor-widget-container\">\n\t\t\t\t\t<h2 class=\"elementor-heading-title elementor-size-default\">Epoir et horizon<\/h2>\t\t\t\t<\/div>\n\t\t\t\t<\/div>\n\t\t\t\t\t<\/div>\n\t\t\t\t<\/div>\n\t\t<div class=\"elementor-element elementor-element-818037f e-flex e-con-boxed e-con e-parent\" data-id=\"818037f\" data-element_type=\"container\" data-e-type=\"container\">\n\t\t\t\t\t<div class=\"e-con-inner\">\n\t\t<div class=\"elementor-element elementor-element-a693fbc e-grid e-con-full e-con e-child\" data-id=\"a693fbc\" data-element_type=\"container\" data-e-type=\"container\">\n\t\t\t\t<div class=\"elementor-element elementor-element-b723f19 elementor-widget elementor-widget-text-editor\" data-id=\"b723f19\" data-element_type=\"widget\" data-e-type=\"widget\" data-widget_type=\"text-editor.default\">\n\t\t\t\t<div class=\"elementor-widget-container\">\n\t\t\t\t\t\t\t\t\t<p>Hope is the refuge of the shipwrecked, not his quest but his primary salvation.<\/p>\n<p>He is the solid ground at the edge of the interior storms.<\/p>\n<p>The horizon is the son of sky and earth, the older brother of hope.<\/p>\n<p>He is the ideal and the frontier, the dream on which the mountains lay down.<\/p>\n<p>From a rough sea, to where to swim, without drowning?<\/p>\n<p><em>Gold leaf on canvas (from 800 US$)<\/em><\/p>\n<p><!-- \/wp:paragraph --><!-- wp:paragraph --><\/p>\n<p>\u00a0<\/p>\t\t\t\t\t\t\t\t<\/div>\n\t\t\t\t<\/div>\n\t\t\t\t<div class=\"elementor-element elementor-element-5317499 elementor-arrows-position-inside elementor-pagination-position-outside elementor-widget elementor-widget-image-carousel\" data-id=\"5317499\" data-element_type=\"widget\" data-e-type=\"widget\" data-settings=\"{&quot;slides_to_show&quot;:&quot;1&quot;,&quot;navigation&quot;:&quot;both&quot;,&quot;autoplay&quot;:&quot;yes&quot;,&quot;pause_on_hover&quot;:&quot;yes&quot;,&quot;pause_on_interaction&quot;:&quot;yes&quot;,&quot;autoplay_speed&quot;:5000,&quot;infinite&quot;:&quot;yes&quot;,&quot;effect&quot;:&quot;slide&quot;,&quot;speed&quot;:500}\" data-widget_type=\"image-carousel.default\">\n\t\t\t\t<div class=\"elementor-widget-container\">\n\t\t\t\t\t\t\t<div class=\"elementor-image-carousel-wrapper swiper\" role=\"region\" aria-roledescription=\"carousel\" aria-label=\"Carrousel d\u2019images\" dir=\"ltr\">\n\t\t\t<div class=\"elementor-image-carousel swiper-wrapper swiper-image-stretch\" aria-live=\"off\">\n\t\t\t\t\t\t\t\t<div class=\"swiper-slide\" role=\"group\" aria-roledescription=\"slide\" aria-label=\"1 sur 4\"><a data-elementor-open-lightbox=\"yes\" data-elementor-lightbox-slideshow=\"5317499\" data-elementor-lightbox-title=\"Espoir et horizon 1 (30 cm x 40 cm)\" data-e-action-hash=\"#elementor-action%3Aaction%3Dlightbox%26settings%3DeyJpZCI6MzE0LCJ1cmwiOiJodHRwOlwvXC9hbnRpZGUubmV0XC93cC1jb250ZW50XC91cGxvYWRzXC8yMDIzXC8wOVwvRXNwb2lyLWV0LWhvcml6b24tMS0zMHg0MC0yLmpwZyIsInNsaWRlc2hvdyI6IjUzMTc0OTkifQ%3D%3D\" href=\"https:\/\/i0.wp.com\/antide.net\/wp-content\/uploads\/2023\/09\/Espoir-et-horizon-1-30x40-2.jpg\"><figure class=\"swiper-slide-inner\"><img decoding=\"async\" class=\"swiper-slide-image\" src=\"https:\/\/i0.wp.com\/antide.net\/wp-content\/uploads\/2023\/09\/Espoir-et-horizon-1-30x40-2.jpg?fit=500%2C500\" alt=\"TOILE\" \/><figcaption class=\"elementor-image-carousel-caption\">Espoir et horizon 1 (30 cm x 40 cm)<\/figcaption><\/figure><\/a><\/div><div class=\"swiper-slide\" role=\"group\" aria-roledescription=\"slide\" aria-label=\"2 sur 4\"><a data-elementor-open-lightbox=\"yes\" data-elementor-lightbox-slideshow=\"5317499\" data-elementor-lightbox-title=\"Espoir et horizon 2 (50 cm x 60 cm)\" data-e-action-hash=\"#elementor-action%3Aaction%3Dlightbox%26settings%3DeyJpZCI6MzE2LCJ1cmwiOiJodHRwOlwvXC9hbnRpZGUubmV0XC93cC1jb250ZW50XC91cGxvYWRzXC8yMDIzXC8wOVwvRXNwb2lyLWV0LWhvcml6b24tMi01MHg2MC0xLmpwZyIsInNsaWRlc2hvdyI6IjUzMTc0OTkifQ%3D%3D\" href=\"https:\/\/i0.wp.com\/antide.net\/wp-content\/uploads\/2023\/09\/Espoir-et-horizon-2-50x60-1.jpg\"><figure class=\"swiper-slide-inner\"><img decoding=\"async\" class=\"swiper-slide-image\" src=\"https:\/\/i0.wp.com\/antide.net\/wp-content\/uploads\/2023\/09\/Espoir-et-horizon-2-50x60-1.jpg?fit=500%2C500\" alt=\"TOILE\" \/><figcaption class=\"elementor-image-carousel-caption\">Espoir et horizon 2 (50 cm x 60 cm)<\/figcaption><\/figure><\/a><\/div><div class=\"swiper-slide\" role=\"group\" aria-roledescription=\"slide\" aria-label=\"3 sur 4\"><a data-elementor-open-lightbox=\"yes\" data-elementor-lightbox-slideshow=\"5317499\" data-elementor-lightbox-title=\"Espoir et horizon 3 (60 cm x 80 cm)\" data-e-action-hash=\"#elementor-action%3Aaction%3Dlightbox%26settings%3DeyJpZCI6MzE3LCJ1cmwiOiJodHRwOlwvXC9hbnRpZGUubmV0XC93cC1jb250ZW50XC91cGxvYWRzXC8yMDIzXC8wOVwvRXNwb2lyLWV0LWhvcml6b24tMy02MHg4MC0xLmpwZyIsInNsaWRlc2hvdyI6IjUzMTc0OTkifQ%3D%3D\" href=\"https:\/\/i0.wp.com\/antide.net\/wp-content\/uploads\/2023\/09\/Espoir-et-horizon-3-60x80-1.jpg\"><figure class=\"swiper-slide-inner\"><img decoding=\"async\" class=\"swiper-slide-image\" src=\"https:\/\/i0.wp.com\/antide.net\/wp-content\/uploads\/2023\/09\/Espoir-et-horizon-3-60x80-1.jpg?fit=500%2C500\" alt=\"TOILE\" \/><figcaption class=\"elementor-image-carousel-caption\">Espoir et horizon 3 (60 cm x 80 cm)<\/figcaption><\/figure><\/a><\/div><div class=\"swiper-slide\" role=\"group\" aria-roledescription=\"slide\" aria-label=\"4 sur 4\"><a data-elementor-open-lightbox=\"yes\" data-elementor-lightbox-slideshow=\"5317499\" data-elementor-lightbox-title=\"Espoir et horizon 4 (80 cm x 100 cm)\" data-e-action-hash=\"#elementor-action%3Aaction%3Dlightbox%26settings%3DeyJpZCI6MzY2LCJ1cmwiOiJodHRwOlwvXC9hbnRpZGUubmV0XC93cC1jb250ZW50XC91cGxvYWRzXC8yMDIzXC8xMFwvRXNwb2lyLWV0LWhvcml6b24tNC04MHgxMDAtMi5qcGciLCJzbGlkZXNob3ciOiI1MzE3NDk5In0%3D\" href=\"https:\/\/i0.wp.com\/antide.net\/wp-content\/uploads\/2023\/10\/Espoir-et-horizon-4-80x100-2.jpg\"><figure class=\"swiper-slide-inner\"><img decoding=\"async\" class=\"swiper-slide-image\" src=\"https:\/\/i0.wp.com\/antide.net\/wp-content\/uploads\/2023\/10\/Espoir-et-horizon-4-80x100-2.jpg?fit=500%2C500\" alt=\"TOILE\" \/><figcaption class=\"elementor-image-carousel-caption\">Espoir et horizon 4 (80 cm x 100 cm)<\/figcaption><\/figure><\/a><\/div>\t\t\t<\/div>\n\t\t\t\t\t\t\t\t\t\t\t\t<div class=\"elementor-swiper-button elementor-swiper-button-prev\" role=\"button\" tabindex=\"0\">\n\t\t\t\t\t\t<svg aria-hidden=\"true\" class=\"e-font-icon-svg e-eicon-chevron-left\" viewbox=\"0 0 1000 1000\" xmlns=\"http:\/\/www.w3.org\/2000\/svg\"><path d=\"M646 125C629 125 613 133 604 142L308 442C296 454 292 471 292 487 292 504 296 521 308 533L604 854C617 867 629 875 646 875 663 875 679 871 692 858 704 846 713 829 713 812 713 796 708 779 692 767L438 487 692 225C700 217 708 204 708 187 708 171 704 154 692 142 675 129 663 125 646 125Z\"><\/path><\/svg>\t\t\t\t\t<\/div>\n\t\t\t\t\t<div class=\"elementor-swiper-button elementor-swiper-button-next\" role=\"button\" tabindex=\"0\">\n\t\t\t\t\t\t<svg aria-hidden=\"true\" class=\"e-font-icon-svg e-eicon-chevron-right\" viewbox=\"0 0 1000 1000\" xmlns=\"http:\/\/www.w3.org\/2000\/svg\"><path d=\"M696 533C708 521 713 504 713 487 713 471 708 454 696 446L400 146C388 133 375 125 354 125 338 125 325 129 313 142 300 154 292 171 292 187 292 204 296 221 308 233L563 492 304 771C292 783 288 800 288 817 288 833 296 850 308 863 321 871 338 875 354 875 371 875 388 867 400 854L696 533Z\"><\/path><\/svg>\t\t\t\t\t<\/div>\n\t\t\t\t\n\t\t\t\t\t\t\t\t\t<div class=\"swiper-pagination\"><\/div>\n\t\t\t\t\t\t\t\t\t<\/div>\n\t\t\t\t\t\t<\/div>\n\t\t\t\t<\/div>\n\t\t\t\t<\/div>\n\t\t\t\t\t<\/div>\n\t\t\t\t<\/div>\n\t\t<div class=\"elementor-element elementor-element-b85b5b7 e-flex e-con-boxed e-con e-parent\" data-id=\"b85b5b7\" data-element_type=\"container\" data-e-type=\"container\">\n\t\t\t\t\t<div class=\"e-con-inner\">\n\t\t\t\t<div class=\"elementor-element elementor-element-1f9778f elementor-align-center elementor-widget elementor-widget-button\" data-id=\"1f9778f\" data-element_type=\"widget\" data-e-type=\"widget\" data-widget_type=\"button.default\">\n\t\t\t\t<div class=\"elementor-widget-container\">\n\t\t\t\t\t\t\t\t\t<div class=\"elementor-button-wrapper\">\n\t\t\t\t\t<a class=\"elementor-button elementor-button-link elementor-size-sm\" href=\"\">\n\t\t\t\t\t\t<span class=\"elementor-button-content-wrapper\">\n\t\t\t\t\t\t\t\t\t<span class=\"elementor-button-text\">RESERVE AN ARTWORK<\/span>\n\t\t\t\t\t<\/span>\n\t\t\t\t\t<\/a>\n\t\t\t\t<\/div>\n\t\t\t\t\t\t\t\t<\/div>\n\t\t\t\t<\/div>\n\t\t\t\t\t<\/div>\n\t\t\t\t<\/div>\n\t\t\t\t<\/div>","protected":false},"excerpt":{"rendered":"<p>Plus l\u00e9g\u00e8re, la toile invite au mouvement et \u00e0 la spontan\u00e9it\u00e9. Antide y d\u00e9ploie sa gestuelle, guid\u00e9 par la lumi\u00e8re et l\u2019intuition. [&hellip;]<\/p>\n","protected":false},"author":1,"featured_media":0,"parent":0,"menu_order":0,"comment_status":"closed","ping_status":"closed","template":"","meta":{"footnotes":""},"class_list":["post-35","page","type-page","status-publish","hentry"],"yoast_head":"<!-- This site is optimized with the Yoast SEO plugin v27.5 - https:\/\/yoast.com\/product\/yoast-seo-wordpress\/ -->\n<title>\u0152uvres sur toile \u00e0 la feuille d\u2019or | Antide, artiste plasticien<\/title>\n<meta name=\"description\" content=\"Explorez les toiles contemporaines d\u2019Antide, baign\u00e9es de lumi\u00e8re et d\u2019or. Des \u0153uvres vibrantes entre abstraction, \u00e9motion et \u00e9l\u00e9gance.\" \/>\n<meta name=\"robots\" content=\"index, follow, max-snippet:-1, max-image-preview:large, max-video-preview:-1\" \/>\n<link rel=\"canonical\" href=\"http:\/\/antide.net\/en\/toile\/\" \/>\n<meta property=\"og:locale\" content=\"en_US\" \/>\n<meta property=\"og:type\" content=\"article\" \/>\n<meta property=\"og:title\" content=\"\u0152uvres sur toile \u00e0 la feuille d\u2019or | Antide, artiste plasticien\" \/>\n<meta property=\"og:description\" content=\"Explorez les toiles contemporaines d\u2019Antide, baign\u00e9es de lumi\u00e8re et d\u2019or. Des \u0153uvres vibrantes entre abstraction, \u00e9motion et \u00e9l\u00e9gance.\" \/>\n<meta property=\"og:url\" content=\"http:\/\/antide.net\/en\/toile\/\" \/>\n<meta property=\"og:site_name\" content=\"Antide\" \/>\n<meta property=\"article:modified_time\" content=\"2025-06-05T09:33:46+00:00\" \/>\n<meta property=\"og:image\" content=\"http:\/\/antide.net\/wp-content\/uploads\/2023\/09\/Espoir-et-horizon-1-30x40-2-500x500.jpg\" \/>\n<meta name=\"twitter:card\" content=\"summary_large_image\" \/>\n<meta name=\"twitter:label1\" content=\"Est. reading time\" \/>\n\t<meta name=\"twitter:data1\" content=\"2 minutes\" \/>\n<script type=\"application\/ld+json\" class=\"yoast-schema-graph\">{\"@context\":\"https:\\\/\\\/schema.org\",\"@graph\":[{\"@type\":\"WebPage\",\"@id\":\"http:\\\/\\\/antide.net\\\/toile\",\"url\":\"http:\\\/\\\/antide.net\\\/toile\",\"name\":\"\u0152uvres sur toile \u00e0 la feuille d\u2019or | Antide, artiste plasticien\",\"isPartOf\":{\"@id\":\"https:\\\/\\\/antide.net\\\/#website\"},\"primaryImageOfPage\":{\"@id\":\"http:\\\/\\\/antide.net\\\/toile#primaryimage\"},\"image\":{\"@id\":\"http:\\\/\\\/antide.net\\\/toile#primaryimage\"},\"thumbnailUrl\":\"http:\\\/\\\/antide.net\\\/wp-content\\\/uploads\\\/2023\\\/09\\\/Espoir-et-horizon-1-30x40-2-500x500.jpg\",\"datePublished\":\"2023-08-13T11:08:32+00:00\",\"dateModified\":\"2025-06-05T09:33:46+00:00\",\"description\":\"Explorez les toiles contemporaines d\u2019Antide, baign\u00e9es de lumi\u00e8re et d\u2019or. Des \u0153uvres vibrantes entre abstraction, \u00e9motion et \u00e9l\u00e9gance.\",\"breadcrumb\":{\"@id\":\"http:\\\/\\\/antide.net\\\/toile#breadcrumb\"},\"inLanguage\":\"en-US\",\"potentialAction\":[{\"@type\":\"ReadAction\",\"target\":[\"http:\\\/\\\/antide.net\\\/toile\"]}]},{\"@type\":\"ImageObject\",\"inLanguage\":\"en-US\",\"@id\":\"http:\\\/\\\/antide.net\\\/toile#primaryimage\",\"url\":\"http:\\\/\\\/antide.net\\\/wp-content\\\/uploads\\\/2023\\\/09\\\/Espoir-et-horizon-1-30x40-2-500x500.jpg\",\"contentUrl\":\"http:\\\/\\\/antide.net\\\/wp-content\\\/uploads\\\/2023\\\/09\\\/Espoir-et-horizon-1-30x40-2-500x500.jpg\"},{\"@type\":\"BreadcrumbList\",\"@id\":\"http:\\\/\\\/antide.net\\\/toile#breadcrumb\",\"itemListElement\":[{\"@type\":\"ListItem\",\"position\":1,\"name\":\"Accueil\",\"item\":\"https:\\\/\\\/antide.net\\\/\"},{\"@type\":\"ListItem\",\"position\":2,\"name\":\"TOILE\"}]},{\"@type\":\"WebSite\",\"@id\":\"https:\\\/\\\/antide.net\\\/#website\",\"url\":\"https:\\\/\\\/antide.net\\\/\",\"name\":\"Antide\",\"description\":\"Artiste plasticien, Antide travaille la feuille d\u2019or sur bois, m\u00e9tal, pierre et toile pour capter l\u2019\u00e9clat m\u00e9diterran\u00e9en.\",\"publisher\":{\"@id\":\"https:\\\/\\\/antide.net\\\/#\\\/schema\\\/person\\\/e136babbff9e45a0ba7a054e90f9bef6\"},\"alternateName\":\"Artiste plasticien \u2013 Feuille d\u2019or et mat\u00e9riaux nobles\",\"potentialAction\":[{\"@type\":\"SearchAction\",\"target\":{\"@type\":\"EntryPoint\",\"urlTemplate\":\"https:\\\/\\\/antide.net\\\/?s={search_term_string}\"},\"query-input\":{\"@type\":\"PropertyValueSpecification\",\"valueRequired\":true,\"valueName\":\"search_term_string\"}}],\"inLanguage\":\"en-US\"},{\"@type\":[\"Person\",\"Organization\"],\"@id\":\"https:\\\/\\\/antide.net\\\/#\\\/schema\\\/person\\\/e136babbff9e45a0ba7a054e90f9bef6\",\"name\":\"Antide\",\"image\":{\"@type\":\"ImageObject\",\"inLanguage\":\"en-US\",\"@id\":\"https:\\\/\\\/i0.wp.com\\\/antide.net\\\/wp-content\\\/uploads\\\/2025\\\/01\\\/cropped-Antide.png?fit=2398%2C801\",\"url\":\"https:\\\/\\\/i0.wp.com\\\/antide.net\\\/wp-content\\\/uploads\\\/2025\\\/01\\\/cropped-Antide.png?fit=2398%2C801\",\"contentUrl\":\"https:\\\/\\\/i0.wp.com\\\/antide.net\\\/wp-content\\\/uploads\\\/2025\\\/01\\\/cropped-Antide.png?fit=2398%2C801\",\"width\":2398,\"height\":801,\"caption\":\"Antide\"},\"logo\":{\"@id\":\"https:\\\/\\\/i0.wp.com\\\/antide.net\\\/wp-content\\\/uploads\\\/2025\\\/01\\\/cropped-Antide.png?fit=2398%2C801\"},\"description\":\"Artiste plasticien, cr\u00e9ations uniques \u00e0 la feuille d'or sur bois, m\u00e9tal, pierre, et bois.\",\"sameAs\":[\"http:\\\/\\\/antide.net\",\"https:\\\/\\\/www.instagram.com\\\/antide_officiel\\\/\"]}]}<\/script>\n<!-- \/ Yoast SEO plugin. -->","yoast_head_json":{"title":"\u0152uvres sur toile \u00e0 la feuille d\u2019or | Antide, artiste plasticien","description":"Explorez les toiles contemporaines d\u2019Antide, baign\u00e9es de lumi\u00e8re et d\u2019or. Des \u0153uvres vibrantes entre abstraction, \u00e9motion et \u00e9l\u00e9gance.","robots":{"index":"index","follow":"follow","max-snippet":"max-snippet:-1","max-image-preview":"max-image-preview:large","max-video-preview":"max-video-preview:-1"},"canonical":"http:\/\/antide.net\/en\/toile\/","og_locale":"en_US","og_type":"article","og_title":"\u0152uvres sur toile \u00e0 la feuille d\u2019or | Antide, artiste plasticien","og_description":"Explorez les toiles contemporaines d\u2019Antide, baign\u00e9es de lumi\u00e8re et d\u2019or. Des \u0153uvres vibrantes entre abstraction, \u00e9motion et \u00e9l\u00e9gance.","og_url":"http:\/\/antide.net\/en\/toile\/","og_site_name":"Antide","article_modified_time":"2025-06-05T09:33:46+00:00","og_image":[{"url":"http:\/\/antide.net\/wp-content\/uploads\/2023\/09\/Espoir-et-horizon-1-30x40-2-500x500.jpg","type":"","width":"","height":""}],"twitter_card":"summary_large_image","twitter_misc":{"Est. reading time":"2 minutes"},"schema":{"@context":"https:\/\/schema.org","@graph":[{"@type":"WebPage","@id":"http:\/\/antide.net\/toile","url":"http:\/\/antide.net\/toile","name":"\u0152uvres sur toile \u00e0 la feuille d\u2019or | Antide, artiste plasticien","isPartOf":{"@id":"https:\/\/antide.net\/#website"},"primaryImageOfPage":{"@id":"http:\/\/antide.net\/toile#primaryimage"},"image":{"@id":"http:\/\/antide.net\/toile#primaryimage"},"thumbnailUrl":"http:\/\/antide.net\/wp-content\/uploads\/2023\/09\/Espoir-et-horizon-1-30x40-2-500x500.jpg","datePublished":"2023-08-13T11:08:32+00:00","dateModified":"2025-06-05T09:33:46+00:00","description":"Explorez les toiles contemporaines d\u2019Antide, baign\u00e9es de lumi\u00e8re et d\u2019or. Des \u0153uvres vibrantes entre abstraction, \u00e9motion et \u00e9l\u00e9gance.","breadcrumb":{"@id":"http:\/\/antide.net\/toile#breadcrumb"},"inLanguage":"en-US","potentialAction":[{"@type":"ReadAction","target":["http:\/\/antide.net\/toile"]}]},{"@type":"ImageObject","inLanguage":"en-US","@id":"http:\/\/antide.net\/toile#primaryimage","url":"http:\/\/antide.net\/wp-content\/uploads\/2023\/09\/Espoir-et-horizon-1-30x40-2-500x500.jpg","contentUrl":"http:\/\/antide.net\/wp-content\/uploads\/2023\/09\/Espoir-et-horizon-1-30x40-2-500x500.jpg"},{"@type":"BreadcrumbList","@id":"http:\/\/antide.net\/toile#breadcrumb","itemListElement":[{"@type":"ListItem","position":1,"name":"Accueil","item":"https:\/\/antide.net\/"},{"@type":"ListItem","position":2,"name":"TOILE"}]},{"@type":"WebSite","@id":"https:\/\/antide.net\/#website","url":"https:\/\/antide.net\/","name":"Antide","description":"Artiste plasticien, Antide travaille la feuille d\u2019or sur bois, m\u00e9tal, pierre et toile pour capter l\u2019\u00e9clat m\u00e9diterran\u00e9en.","publisher":{"@id":"https:\/\/antide.net\/#\/schema\/person\/e136babbff9e45a0ba7a054e90f9bef6"},"alternateName":"Artiste plasticien \u2013 Feuille d\u2019or et mat\u00e9riaux nobles","potentialAction":[{"@type":"SearchAction","target":{"@type":"EntryPoint","urlTemplate":"https:\/\/antide.net\/?s={search_term_string}"},"query-input":{"@type":"PropertyValueSpecification","valueRequired":true,"valueName":"search_term_string"}}],"inLanguage":"en-US"},{"@type":["Person","Organization"],"@id":"https:\/\/antide.net\/#\/schema\/person\/e136babbff9e45a0ba7a054e90f9bef6","name":"Antide","image":{"@type":"ImageObject","inLanguage":"en-US","@id":"https:\/\/i0.wp.com\/antide.net\/wp-content\/uploads\/2025\/01\/cropped-Antide.png?fit=2398%2C801","url":"https:\/\/i0.wp.com\/antide.net\/wp-content\/uploads\/2025\/01\/cropped-Antide.png?fit=2398%2C801","contentUrl":"https:\/\/i0.wp.com\/antide.net\/wp-content\/uploads\/2025\/01\/cropped-Antide.png?fit=2398%2C801","width":2398,"height":801,"caption":"Antide"},"logo":{"@id":"https:\/\/i0.wp.com\/antide.net\/wp-content\/uploads\/2025\/01\/cropped-Antide.png?fit=2398%2C801"},"description":"Artiste plasticien, cr\u00e9ations uniques \u00e0 la feuille d'or sur bois, m\u00e9tal, pierre, et bois.","sameAs":["http:\/\/antide.net","https:\/\/www.instagram.com\/antide_officiel\/"]}]}},"jetpack_sharing_enabled":true,"_links":{"self":[{"href":"http:\/\/antide.net\/en\/wp-json\/wp\/v2\/pages\/35","targetHints":{"allow":["GET"]}}],"collection":[{"href":"http:\/\/antide.net\/en\/wp-json\/wp\/v2\/pages"}],"about":[{"href":"http:\/\/antide.net\/en\/wp-json\/wp\/v2\/types\/page"}],"author":[{"embeddable":true,"href":"http:\/\/antide.net\/en\/wp-json\/wp\/v2\/users\/1"}],"replies":[{"embeddable":true,"href":"http:\/\/antide.net\/en\/wp-json\/wp\/v2\/comments?post=35"}],"version-history":[{"count":35,"href":"http:\/\/antide.net\/en\/wp-json\/wp\/v2\/pages\/35\/revisions"}],"predecessor-version":[{"id":1904,"href":"http:\/\/antide.net\/en\/wp-json\/wp\/v2\/pages\/35\/revisions\/1904"}],"wp:attachment":[{"href":"http:\/\/antide.net\/en\/wp-json\/wp\/v2\/media?parent=35"}],"curies":[{"name":"wp","href":"https:\/\/api.w.org\/{rel}","templated":true}]}}