{"id":1332,"date":"2025-01-27T16:30:04","date_gmt":"2025-01-27T16:30:04","guid":{"rendered":"http:\/\/antide.net\/?page_id=1332"},"modified":"2025-01-31T18:10:36","modified_gmt":"2025-01-31T18:10:36","slug":"mentions-legales","status":"publish","type":"page","link":"http:\/\/antide.net\/en\/mentions-legales","title":{"rendered":"Legal notices"},"content":{"rendered":"<p class=\"translation-block\">Website Owner\nAntide \u2013 Visual Artist\nAddress: Saint-Paul-de-Vence\nE-mail: contact@antide.net\nWebsite: http:\/\/antide.net<\/p>\n\n\n\n<p class=\"translation-block\">Hosting Provider\nIonos \u2013 7, Pl. de la Gare, 57200 Sarreguemines, France\nPhone: +33 (0) 9 70 80 91 36\nWebsite: https:\/\/www.ionos.fr<\/p>\n\n\n\n<p class=\"translation-block\">Publication Director\nSandrine Constant<\/p>\n\n\n\n<p class=\"translation-block\">Website Design and Development\nSandrine Constant\nE-mail: sandrine@sandrine-consulting.com\nPhone: +33 6 33 80 52 54\nWebsite: https:\/\/www.sandrine-consulting.com<\/p>\n\n\n\n<p class=\"translation-block\">Intellectual Property\n\nAll content on this website (texts, images, videos, logos, etc.) is the exclusive property of Antide, unless otherwise stated. Any reproduction, distribution, modification, or use of this content without prior written authorization is strictly prohibited and constitutes a copyright infringement in accordance with Article L.122-4 of the French Intellectual Property Code.\nThe personal data collected on this website (contact form, newsletter subscription, etc.) is processed in compliance with applicable regulations, including the GDPR (General Data Protection Regulation).<\/p>\n\n\n\n<p>You have the right to access, rectify, delete, and transfer your personal data. To exercise these rights, please contact: contact@antide.net<\/p>\n\n\n\n<p>For more details on the collection and use of your data, please refer to our Privacy Policy.<\/p>\n\n\n\n<p class=\"translation-block\">Cookies\nThis website uses cookies to enhance user experience and analyze traffic. You can manage your cookie preferences through your browser settings.<\/p>\n\n\n\n<p class=\"translation-block\">Liability\nAntide makes every effort to provide accurate and up-to-date information on this website. However, no responsibility can be taken for omissions, inaccuracies, or errors that may appear in the content.<\/p>\n\n\n\n<p>External links provided on this website are beyond Antide\u2019s control. Therefore, the artist cannot be held responsible for the content of external websites accessed through these links.<\/p>\n\n\n\n<p class=\"translation-block\">Disputes\nThe use of this website is governed by French law. In the event of a dispute, the French courts shall have exclusive jurisdiction.<\/p>","protected":false},"excerpt":{"rendered":"<p>Propri\u00e9taire du siteAntide \u2013 Artiste PlasticienAdresse : Saint-Paul-de-VenceE-mail : contact@antide.netSite web : http:\/\/antide.net H\u00e9bergeurIonos &#8211; 7, Pl. de la Gare, 57200 Sarreguemines, [&hellip;]<\/p>\n","protected":false},"author":1,"featured_media":0,"parent":0,"menu_order":0,"comment_status":"closed","ping_status":"closed","template":"","meta":{"footnotes":""},"class_list":["post-1332","page","type-page","status-publish","hentry"],"yoast_head":"<!-- This site is optimized with the Yoast SEO plugin v27.5 - https:\/\/yoast.com\/product\/yoast-seo-wordpress\/ -->\n<title>Mentions l\u00e9gales - Antide Artiste plasticien | Cr\u00e9ations uniques \u00e0 la feuille d\u2019or<\/title>\n<meta name=\"description\" content=\"Artiste plasticien, cr\u00e9ations uniques \u00e0 la feuille d&#039;or. Antide cr\u00e9e des \u0153uvres sur bois, m\u00e9tal, pierre et toile. D\u00e9couvrez son univers.\" \/>\n<meta name=\"robots\" content=\"index, follow, max-snippet:-1, max-image-preview:large, max-video-preview:-1\" \/>\n<link rel=\"canonical\" href=\"http:\/\/antide.net\/en\/mentions-legales\/\" \/>\n<meta property=\"og:locale\" content=\"en_US\" \/>\n<meta property=\"og:type\" content=\"article\" \/>\n<meta property=\"og:title\" content=\"Mentions l\u00e9gales - Antide Artiste plasticien | Cr\u00e9ations uniques \u00e0 la feuille d\u2019or\" \/>\n<meta property=\"og:description\" content=\"Artiste plasticien, cr\u00e9ations uniques \u00e0 la feuille d&#039;or. Antide cr\u00e9e des \u0153uvres sur bois, m\u00e9tal, pierre et toile. D\u00e9couvrez son univers.\" \/>\n<meta property=\"og:url\" content=\"http:\/\/antide.net\/en\/mentions-legales\/\" \/>\n<meta property=\"og:site_name\" content=\"Antide\" \/>\n<meta property=\"article:modified_time\" content=\"2025-01-31T18:10:36+00:00\" \/>\n<meta name=\"twitter:card\" content=\"summary_large_image\" \/>\n<meta name=\"twitter:label1\" content=\"Est. reading time\" \/>\n\t<meta name=\"twitter:data1\" content=\"2 minutes\" \/>\n<script type=\"application\/ld+json\" class=\"yoast-schema-graph\">{\"@context\":\"https:\\\/\\\/schema.org\",\"@graph\":[{\"@type\":\"WebPage\",\"@id\":\"http:\\\/\\\/antide.net\\\/mentions-legales\",\"url\":\"http:\\\/\\\/antide.net\\\/mentions-legales\",\"name\":\"Mentions l\u00e9gales - Antide Artiste plasticien | Cr\u00e9ations uniques \u00e0 la feuille d\u2019or\",\"isPartOf\":{\"@id\":\"https:\\\/\\\/antide.net\\\/#website\"},\"datePublished\":\"2025-01-27T16:30:04+00:00\",\"dateModified\":\"2025-01-31T18:10:36+00:00\",\"description\":\"Artiste plasticien, cr\u00e9ations uniques \u00e0 la feuille d'or. Antide cr\u00e9e des \u0153uvres sur bois, m\u00e9tal, pierre et toile. D\u00e9couvrez son univers.\",\"breadcrumb\":{\"@id\":\"http:\\\/\\\/antide.net\\\/mentions-legales#breadcrumb\"},\"inLanguage\":\"en-US\",\"potentialAction\":[{\"@type\":\"ReadAction\",\"target\":[\"http:\\\/\\\/antide.net\\\/mentions-legales\"]}]},{\"@type\":\"BreadcrumbList\",\"@id\":\"http:\\\/\\\/antide.net\\\/mentions-legales#breadcrumb\",\"itemListElement\":[{\"@type\":\"ListItem\",\"position\":1,\"name\":\"Accueil\",\"item\":\"https:\\\/\\\/antide.net\\\/\"},{\"@type\":\"ListItem\",\"position\":2,\"name\":\"Mentions l\u00e9gales\"}]},{\"@type\":\"WebSite\",\"@id\":\"https:\\\/\\\/antide.net\\\/#website\",\"url\":\"https:\\\/\\\/antide.net\\\/\",\"name\":\"Antide\",\"description\":\"Artiste plasticien, Antide travaille la feuille d\u2019or sur bois, m\u00e9tal, pierre et toile pour capter l\u2019\u00e9clat m\u00e9diterran\u00e9en.\",\"publisher\":{\"@id\":\"https:\\\/\\\/antide.net\\\/#\\\/schema\\\/person\\\/e136babbff9e45a0ba7a054e90f9bef6\"},\"alternateName\":\"Artiste plasticien \u2013 Feuille d\u2019or et mat\u00e9riaux nobles\",\"potentialAction\":[{\"@type\":\"SearchAction\",\"target\":{\"@type\":\"EntryPoint\",\"urlTemplate\":\"https:\\\/\\\/antide.net\\\/?s={search_term_string}\"},\"query-input\":{\"@type\":\"PropertyValueSpecification\",\"valueRequired\":true,\"valueName\":\"search_term_string\"}}],\"inLanguage\":\"en-US\"},{\"@type\":[\"Person\",\"Organization\"],\"@id\":\"https:\\\/\\\/antide.net\\\/#\\\/schema\\\/person\\\/e136babbff9e45a0ba7a054e90f9bef6\",\"name\":\"Antide\",\"image\":{\"@type\":\"ImageObject\",\"inLanguage\":\"en-US\",\"@id\":\"https:\\\/\\\/i0.wp.com\\\/antide.net\\\/wp-content\\\/uploads\\\/2025\\\/01\\\/cropped-Antide.png?fit=2398%2C801\",\"url\":\"https:\\\/\\\/i0.wp.com\\\/antide.net\\\/wp-content\\\/uploads\\\/2025\\\/01\\\/cropped-Antide.png?fit=2398%2C801\",\"contentUrl\":\"https:\\\/\\\/i0.wp.com\\\/antide.net\\\/wp-content\\\/uploads\\\/2025\\\/01\\\/cropped-Antide.png?fit=2398%2C801\",\"width\":2398,\"height\":801,\"caption\":\"Antide\"},\"logo\":{\"@id\":\"https:\\\/\\\/i0.wp.com\\\/antide.net\\\/wp-content\\\/uploads\\\/2025\\\/01\\\/cropped-Antide.png?fit=2398%2C801\"},\"description\":\"Artiste plasticien, cr\u00e9ations uniques \u00e0 la feuille d'or sur bois, m\u00e9tal, pierre, et bois.\",\"sameAs\":[\"http:\\\/\\\/antide.net\",\"https:\\\/\\\/www.instagram.com\\\/antide_officiel\\\/\"]}]}<\/script>\n<!-- \/ Yoast SEO plugin. -->","yoast_head_json":{"title":"Mentions l\u00e9gales - Antide Artiste plasticien | Cr\u00e9ations uniques \u00e0 la feuille d\u2019or","description":"Artiste plasticien, cr\u00e9ations uniques \u00e0 la feuille d'or. Antide cr\u00e9e des \u0153uvres sur bois, m\u00e9tal, pierre et toile. D\u00e9couvrez son univers.","robots":{"index":"index","follow":"follow","max-snippet":"max-snippet:-1","max-image-preview":"max-image-preview:large","max-video-preview":"max-video-preview:-1"},"canonical":"http:\/\/antide.net\/en\/mentions-legales\/","og_locale":"en_US","og_type":"article","og_title":"Mentions l\u00e9gales - Antide Artiste plasticien | Cr\u00e9ations uniques \u00e0 la feuille d\u2019or","og_description":"Artiste plasticien, cr\u00e9ations uniques \u00e0 la feuille d'or. Antide cr\u00e9e des \u0153uvres sur bois, m\u00e9tal, pierre et toile. D\u00e9couvrez son univers.","og_url":"http:\/\/antide.net\/en\/mentions-legales\/","og_site_name":"Antide","article_modified_time":"2025-01-31T18:10:36+00:00","twitter_card":"summary_large_image","twitter_misc":{"Est. reading time":"2 minutes"},"schema":{"@context":"https:\/\/schema.org","@graph":[{"@type":"WebPage","@id":"http:\/\/antide.net\/mentions-legales","url":"http:\/\/antide.net\/mentions-legales","name":"Mentions l\u00e9gales - Antide Artiste plasticien | Cr\u00e9ations uniques \u00e0 la feuille d\u2019or","isPartOf":{"@id":"https:\/\/antide.net\/#website"},"datePublished":"2025-01-27T16:30:04+00:00","dateModified":"2025-01-31T18:10:36+00:00","description":"Artiste plasticien, cr\u00e9ations uniques \u00e0 la feuille d'or. Antide cr\u00e9e des \u0153uvres sur bois, m\u00e9tal, pierre et toile. D\u00e9couvrez son univers.","breadcrumb":{"@id":"http:\/\/antide.net\/mentions-legales#breadcrumb"},"inLanguage":"en-US","potentialAction":[{"@type":"ReadAction","target":["http:\/\/antide.net\/mentions-legales"]}]},{"@type":"BreadcrumbList","@id":"http:\/\/antide.net\/mentions-legales#breadcrumb","itemListElement":[{"@type":"ListItem","position":1,"name":"Accueil","item":"https:\/\/antide.net\/"},{"@type":"ListItem","position":2,"name":"Mentions l\u00e9gales"}]},{"@type":"WebSite","@id":"https:\/\/antide.net\/#website","url":"https:\/\/antide.net\/","name":"Antide","description":"Artiste plasticien, Antide travaille la feuille d\u2019or sur bois, m\u00e9tal, pierre et toile pour capter l\u2019\u00e9clat m\u00e9diterran\u00e9en.","publisher":{"@id":"https:\/\/antide.net\/#\/schema\/person\/e136babbff9e45a0ba7a054e90f9bef6"},"alternateName":"Artiste plasticien \u2013 Feuille d\u2019or et mat\u00e9riaux nobles","potentialAction":[{"@type":"SearchAction","target":{"@type":"EntryPoint","urlTemplate":"https:\/\/antide.net\/?s={search_term_string}"},"query-input":{"@type":"PropertyValueSpecification","valueRequired":true,"valueName":"search_term_string"}}],"inLanguage":"en-US"},{"@type":["Person","Organization"],"@id":"https:\/\/antide.net\/#\/schema\/person\/e136babbff9e45a0ba7a054e90f9bef6","name":"Antide","image":{"@type":"ImageObject","inLanguage":"en-US","@id":"https:\/\/i0.wp.com\/antide.net\/wp-content\/uploads\/2025\/01\/cropped-Antide.png?fit=2398%2C801","url":"https:\/\/i0.wp.com\/antide.net\/wp-content\/uploads\/2025\/01\/cropped-Antide.png?fit=2398%2C801","contentUrl":"https:\/\/i0.wp.com\/antide.net\/wp-content\/uploads\/2025\/01\/cropped-Antide.png?fit=2398%2C801","width":2398,"height":801,"caption":"Antide"},"logo":{"@id":"https:\/\/i0.wp.com\/antide.net\/wp-content\/uploads\/2025\/01\/cropped-Antide.png?fit=2398%2C801"},"description":"Artiste plasticien, cr\u00e9ations uniques \u00e0 la feuille d'or sur bois, m\u00e9tal, pierre, et bois.","sameAs":["http:\/\/antide.net","https:\/\/www.instagram.com\/antide_officiel\/"]}]}},"jetpack_sharing_enabled":true,"_links":{"self":[{"href":"http:\/\/antide.net\/en\/wp-json\/wp\/v2\/pages\/1332","targetHints":{"allow":["GET"]}}],"collection":[{"href":"http:\/\/antide.net\/en\/wp-json\/wp\/v2\/pages"}],"about":[{"href":"http:\/\/antide.net\/en\/wp-json\/wp\/v2\/types\/page"}],"author":[{"embeddable":true,"href":"http:\/\/antide.net\/en\/wp-json\/wp\/v2\/users\/1"}],"replies":[{"embeddable":true,"href":"http:\/\/antide.net\/en\/wp-json\/wp\/v2\/comments?post=1332"}],"version-history":[{"count":2,"href":"http:\/\/antide.net\/en\/wp-json\/wp\/v2\/pages\/1332\/revisions"}],"predecessor-version":[{"id":1485,"href":"http:\/\/antide.net\/en\/wp-json\/wp\/v2\/pages\/1332\/revisions\/1485"}],"wp:attachment":[{"href":"http:\/\/antide.net\/en\/wp-json\/wp\/v2\/media?parent=1332"}],"curies":[{"name":"wp","href":"https:\/\/api.w.org\/{rel}","templated":true}]}}